{"id":30,"date":"2023-09-30T15:08:22","date_gmt":"2023-09-30T19:08:22","guid":{"rendered":"https:\/\/www.gestionderisques.com\/?page_id=30"},"modified":"2023-10-05T15:28:22","modified_gmt":"2023-10-05T19:28:22","slug":"secteurs-dacticite","status":"publish","type":"page","link":"https:\/\/www.gestionderisques.com\/?page_id=30","title":{"rendered":"Secteurs d&rsquo;activit\u00e9"},"content":{"rendered":"\n<h1 class=\"wp-block-heading\">Secteurs d&rsquo;activit\u00e9<\/h1>\n\n\n\n<p>\u2022 Industrie automobile<\/p>\n\n\n\n<p>\u2022 A\u00e9ronautique<\/p>\n\n\n\n<p>\u2022 Transport<\/p>\n\n\n\n<p>\u2022 Chimique<\/p>\n\n\n\n<p>\u2022 Communication<\/p>\n\n\n\n<p>\u2022 Construction<\/p>\n\n\n\n<p>\u2022 \u00c9nergie et \u00e9lectricit\u00e9<\/p>\n\n\n\n<p>\u2022 Divertissement<\/p>\n\n\n\n<p>\u2022 Financier<\/p>\n\n\n\n<p>\u2022 Agro alimentaire<\/p>\n\n\n\n<p>\u2022 Forestier<\/p>\n\n\n\n<p>\u2022 Soins de sant\u00e9<\/p>\n\n\n\n<p>\u2022 H\u00f4telier<\/p>\n\n\n\n<p>\u2022 Sciences de la vie et pharmaceutiques<\/p>\n\n\n\n<p>\u2022 Manufacturier<\/p>\n\n\n\n<p>\u2022 Maritime<\/p>\n\n\n\n<p>\u2022 Mini\u00e8re<\/p>\n\n\n\n<p>\u2022 Secteur public<\/p>\n\n\n\n<p>\u2022 Immobilier<\/p>\n\n\n\n<p>\u2022 Vente au d\u00e9tail et de gros<\/p>\n\n\n\n<p>\u2022 Technologie<\/p>\n\n\n<div class=\"wp-block-image\">\n<figure class=\"alignright size-full\"><img loading=\"lazy\" decoding=\"async\" width=\"494\" height=\"315\" src=\"https:\/\/www.gestionderisques.com\/wp-content\/uploads\/2023\/09\/Capture-decran-le-2023-09-30-a-18.32.32.png\" alt=\"\" class=\"wp-image-152\" srcset=\"https:\/\/gestionderisques.com\/wp-contenu\/uploads\/2023\/09\/Capture-decran-le-2023-09-30-a-18.32.32.png 494w, https:\/\/gestionderisques.com\/wp-contenu\/uploads\/2023\/09\/Capture-decran-le-2023-09-30-a-18.32.32-300x191.png 300w, https:\/\/gestionderisques.com\/wp-contenu\/uploads\/2023\/09\/Capture-decran-le-2023-09-30-a-18.32.32-94x60.png 94w\" sizes=\"auto, (max-width: 494px) 100vw, 494px\" \/><\/figure>\n<\/div>","protected":false},"excerpt":{"rendered":"<p>Secteurs d&rsquo;activit\u00e9 \u2022 Industrie automobile \u2022 A\u00e9ronautique \u2022 Transport \u2022 Chimique \u2022 Communication \u2022 Construction \u2022 \u00c9nergie et \u00e9lectricit\u00e9 \u2022 Divertissement \u2022 Financier \u2022 Agro alimentaire \u2022 Forestier \u2022 Soins de sant\u00e9 \u2022 H\u00f4telier \u2022 Sciences de la vie et pharmaceutiques \u2022 Manufacturier \u2022 Maritime \u2022 Mini\u00e8re \u2022 Secteur public &hellip;<\/p>\n","protected":false},"author":1,"featured_media":0,"parent":0,"menu_order":0,"comment_status":"closed","ping_status":"closed","template":"","meta":{"footnotes":""},"class_list":["post-30","page","type-page","status-publish","hentry"],"_links":{"self":[{"href":"https:\/\/www.gestionderisques.com\/index.php?rest_route=\/wp\/v2\/pages\/30","targetHints":{"allow":["GET"]}}],"collection":[{"href":"https:\/\/www.gestionderisques.com\/index.php?rest_route=\/wp\/v2\/pages"}],"about":[{"href":"https:\/\/www.gestionderisques.com\/index.php?rest_route=\/wp\/v2\/types\/page"}],"author":[{"embeddable":true,"href":"https:\/\/www.gestionderisques.com\/index.php?rest_route=\/wp\/v2\/users\/1"}],"replies":[{"embeddable":true,"href":"https:\/\/www.gestionderisques.com\/index.php?rest_route=%2Fwp%2Fv2%2Fcomments&post=30"}],"version-history":[{"count":6,"href":"https:\/\/www.gestionderisques.com\/index.php?rest_route=\/wp\/v2\/pages\/30\/revisions"}],"predecessor-version":[{"id":221,"href":"https:\/\/www.gestionderisques.com\/index.php?rest_route=\/wp\/v2\/pages\/30\/revisions\/221"}],"wp:attachment":[{"href":"https:\/\/www.gestionderisques.com\/index.php?rest_route=%2Fwp%2Fv2%2Fmedia&parent=30"}],"curies":[{"name":"wp","href":"https:\/\/api.w.org\/{rel}","templated":true}]}}